{"id":248,"date":"2022-05-05T18:33:06","date_gmt":"2022-05-05T16:33:06","guid":{"rendered":"https:\/\/lechnerhof.devel-web.de\/?page_id=248"},"modified":"2022-05-12T08:48:27","modified_gmt":"2022-05-12T06:48:27","slug":"tagungen-seminare-2","status":"publish","type":"page","link":"https:\/\/www.hotel-lechnerhof.de\/en\/tagungen-seminare-2\/","title":{"rendered":"Essen &#038; Trinken"},"content":{"rendered":"\n<h2 class=\"has-text-align-center wp-block-heading\">Genie\u00dfen und Entspannen im Hotel Lechnerhof<\/h2>\n\n\n\n<p class=\"has-text-align-center content-frame\">Lorem ipsum dolor sit amet, consetetur sadipscing elitr, sed diam nonumy eirmod tempor invidunt ut labore et dolore magna aliquyam erat, sed diam voluptua.<\/p>\n\n\n\n<div class=\"wp-block-group alignfull info-group\"><div class=\"wp-block-group__inner-container is-layout-flow wp-block-group-is-layout-flow\">\n<div style=\"height:30px\" aria-hidden=\"true\" class=\"wp-block-spacer\"><\/div>\n\n\n\n<div class=\"wp-block-columns is-layout-flex wp-container-core-columns-is-layout-9d6595d7 wp-block-columns-is-layout-flex\">\n<div class=\"wp-block-column room-group-col is-layout-flow wp-block-column-is-layout-flow\">\n<figure class=\"wp-block-image size-full\"><img loading=\"lazy\" decoding=\"async\" width=\"545\" height=\"350\" src=\"https:\/\/lechnerhof.devel-web.de\/wp-content\/uploads\/2022\/05\/fruhstuck-545x350-1.jpg\" alt=\"\" class=\"wp-image-669\" srcset=\"https:\/\/www.hotel-lechnerhof.de\/wp-content\/uploads\/2022\/05\/fruhstuck-545x350-1.jpg 545w, https:\/\/www.hotel-lechnerhof.de\/wp-content\/uploads\/2022\/05\/fruhstuck-545x350-1-300x193.jpg 300w\" sizes=\"auto, (max-width: 545px) 100vw, 545px\" \/><\/figure>\n\n\n\n<h3 class=\"has-text-align-center wp-block-heading\">Fr\u00fchst\u00fcck<\/h3>\n\n\n\n<p>Lorem ipsum dolor sit amet, consetetur sadipscing elitr, sed diam nonumy eirmod tempor invidunt ut labore et dolore magna aliquyam erat<\/p>\n\n\n\n<p class=\"has-text-align-right material-symbols-outlined g-icon\"><a href=\"#\">east<\/a><\/p>\n<\/div>\n\n\n\n<div class=\"wp-block-column room-group-col is-layout-flow wp-block-column-is-layout-flow\">\n<figure class=\"wp-block-image size-full\"><img loading=\"lazy\" decoding=\"async\" width=\"545\" height=\"350\" src=\"https:\/\/lechnerhof.devel-web.de\/wp-content\/uploads\/2022\/05\/feiern-545x350-1.jpg\" alt=\"\" class=\"wp-image-670\" srcset=\"https:\/\/www.hotel-lechnerhof.de\/wp-content\/uploads\/2022\/05\/feiern-545x350-1.jpg 545w, https:\/\/www.hotel-lechnerhof.de\/wp-content\/uploads\/2022\/05\/feiern-545x350-1-300x193.jpg 300w\" sizes=\"auto, (max-width: 545px) 100vw, 545px\" \/><\/figure>\n\n\n\n<h3 class=\"has-text-align-center wp-block-heading\">Hotelbar<\/h3>\n\n\n\n<p>Lorem ipsum dolor sit amet, consetetur sadipscing elitr, sed diam nonumy eirmod tempor invidunt ut labore et dolore magna aliquyam erat<\/p>\n\n\n\n<p class=\"has-text-align-right material-symbols-outlined g-icon\"><a href=\"#\">east<\/a><\/p>\n<\/div>\n\n\n\n<div class=\"wp-block-column room-group-col is-layout-flow wp-block-column-is-layout-flow\">\n<figure class=\"wp-block-image size-full\"><img loading=\"lazy\" decoding=\"async\" width=\"545\" height=\"350\" src=\"https:\/\/lechnerhof.devel-web.de\/wp-content\/uploads\/2022\/05\/angebote-545x350-1.jpg\" alt=\"\" class=\"wp-image-318\" srcset=\"https:\/\/www.hotel-lechnerhof.de\/wp-content\/uploads\/2022\/05\/angebote-545x350-1.jpg 545w, https:\/\/www.hotel-lechnerhof.de\/wp-content\/uploads\/2022\/05\/angebote-545x350-1-300x193.jpg 300w\" sizes=\"auto, (max-width: 545px) 100vw, 545px\" \/><\/figure>\n\n\n\n<h3 class=\"has-text-align-center wp-block-heading\">Feiern<\/h3>\n\n\n\n<p>Lorem ipsum dolor sit amet, consetetur sadipscing elitr, sed diam nonumy eirmod tempor invidunt ut labore et dolore magna aliquyam erat<\/p>\n\n\n\n<p class=\"has-text-align-right material-symbols-outlined g-icon\"><a href=\"#\">east<\/a><\/p>\n<\/div>\n\n\n\n<div class=\"wp-block-column room-group-col is-layout-flow wp-block-column-is-layout-flow\">\n<figure class=\"wp-block-image size-full\"><img decoding=\"async\" src=\"https:\/\/lechnerhof.devel-web.de\/wp-content\/uploads\/2022\/05\/sport-545x350-1.jpg\" alt=\"\" class=\"wp-image-672\"\/><\/figure>\n\n\n\n<h3 class=\"has-text-align-center wp-block-heading\">Sportsbar<\/h3>\n\n\n\n<p>Lorem ipsum dolor sit amet, consetetur sadipscing elitr, sed diam nonumy eirmod tempor invidunt ut labore et dolore magna aliquyam erat<\/p>\n\n\n\n<p class=\"has-text-align-right material-symbols-outlined g-icon\"><a href=\"#\">east<\/a><\/p>\n<\/div>\n<\/div>\n<\/div><\/div>\n\n\n\n<div class=\"wp-block-group\"><div class=\"wp-block-group__inner-container is-layout-flow wp-block-group-is-layout-flow\">\n<div class=\"wp-block-image is-style-default_ p-0 m-0\"><figure class=\"aligncenter size-full\"><img loading=\"lazy\" decoding=\"async\" width=\"125\" height=\"36\" src=\"https:\/\/lechnerhof.devel-web.de\/wp-content\/uploads\/2022\/05\/stars.png\" alt=\"\" class=\"wp-image-459\"\/><\/figure><\/div>\n\n\n\n<h4 class=\"has-text-align-center p-0 wp-block-heading\">Was unsere G\u00e4ste \u00fcber uns sagen<\/h4>\n\n\n<div class=\"pt-cv-wrapper\"><div class=\"pt-cv-view pt-cv-scrollable pt-cv-colsys\" id=\"pt-cv-view-177b453qan\"><div data-id=\"pt-cv-page-1\" class=\"pt-cv-page cv-npf\" data-cvc=\"1\"><div id=\"1d740a65mk\" class=\"pt-cv-carousel pt-cv-slide\" data-ride=\"cvcarousel\" data-interval=false>\n<div class=\"carousel-inner\"><div class=\"item active\"><div class=\"row\"><div class=\"col-md-12 pt-cv-content-item pt-cv-1-col\" ><div class=\"pt-cv-no-post\">No posts found.<\/div><\/div><\/div><\/div><\/div>\n<\/div><\/div><\/div><\/div>\n\n\n\n<div style=\"height:44px\" aria-hidden=\"true\" class=\"wp-block-spacer\"><\/div>\n<\/div><\/div>\n\n\n\n<div class=\"wp-block-group alignfull info-group has-background\" style=\"background-color:#f6f4ef\"><div class=\"wp-block-group__inner-container is-layout-flow wp-block-group-is-layout-flow\">\n<div style=\"height:33px\" aria-hidden=\"true\" class=\"wp-block-spacer\"><\/div>\n\n\n\n<div style=\"height:15px\" aria-hidden=\"true\" class=\"wp-block-spacer\"><\/div>\n\n\n\n<h2 class=\"wp-block-heading has-text-align-center\">Unsere Zimmerauswahl<\/h2>\n\n\n\n<div class=\"wp-block-columns is-layout-flex wp-container-core-columns-is-layout-9d6595d7 wp-block-columns-is-layout-flex\">\n<div class=\"wp-block-column room-group-col block-bounce is-layout-flow wp-block-column-is-layout-flow\"><a href=\"\/zimmer-bel-etage\"    class=\"wp-block-tiptip-hyperlink-group-block\" >\n<div class=\"wp-block-group info-col-content-wrapper\"><div class=\"wp-block-group__inner-container is-layout-constrained wp-block-group-is-layout-constrained\">\n<figure class=\"wp-block-image size-full\"><img loading=\"lazy\" decoding=\"async\" width=\"545\" height=\"350\" src=\"\/wp-content\/uploads\/bel-etage-545-350.jpg\" alt=\"\" class=\"wp-image-1318\" srcset=\"https:\/\/www.hotel-lechnerhof.de\/wp-content\/uploads\/bel-etage-545-350.jpg 545w, https:\/\/www.hotel-lechnerhof.de\/wp-content\/uploads\/bel-etage-545-350-300x193.jpg 300w\" sizes=\"auto, (max-width: 545px) 100vw, 545px\" \/><\/figure>\n\n\n\n<h3 class=\"wp-block-heading has-text-align-center\">Bel Etage<\/h3>\n\n\n\n<p>Gro\u00dfz\u00fcgige Zimmer mit edlen M\u00f6beln im Kolonialstil und bodentiefen Fenstern hei\u00dfen Sie herzlich Willkommen.<\/p>\n<\/div><\/div>\n\n\n<p class=\"has-text-align-right material-symbols-outlined g-icon\"><span href=\"\/zimmer-bel-etage\/\" data-type=\"page\" data-id=\"891\">east<\/span><\/p>\n\n<\/a><\/div>\n\n\n\n<div class=\"wp-block-column room-group-col block-bounce is-layout-flow wp-block-column-is-layout-flow\"><a href=\"\/zimmer-primavera\"    class=\"wp-block-tiptip-hyperlink-group-block\" >\n<div class=\"wp-block-group info-col-content-wrapper\"><div class=\"wp-block-group__inner-container is-layout-constrained wp-block-group-is-layout-constrained\">\n<figure class=\"wp-block-image size-full\"><img loading=\"lazy\" decoding=\"async\" width=\"545\" height=\"350\" src=\"\/wp-content\/uploads\/primavera-545-350.jpg\" alt=\"\" class=\"wp-image-1319\" srcset=\"https:\/\/www.hotel-lechnerhof.de\/wp-content\/uploads\/primavera-545-350.jpg 545w, https:\/\/www.hotel-lechnerhof.de\/wp-content\/uploads\/primavera-545-350-300x193.jpg 300w\" sizes=\"auto, (max-width: 545px) 100vw, 545px\" \/><\/figure>\n\n\n\n<h3 class=\"wp-block-heading has-text-align-center\">Primavera<\/h3>\n\n\n\n<p>Pure Wohlf\u00fchlatmosph\u00e4re auf der zweiten Etage! Auf ca. 25m\u00b2 empf\u00e4ngt Sie ein sanfter Mix aus Pastellfarben und Echtholz.<\/p>\n<\/div><\/div>\n\n\n<p class=\"has-text-align-right material-symbols-outlined g-icon\"><span href=\"\/zimmer-primavera\/\" data-type=\"page\" data-id=\"923\">east<\/span><\/p>\n\n<\/a><\/div>\n\n\n\n<div class=\"wp-block-column room-group-col block-bounce is-layout-flow wp-block-column-is-layout-flow\"><a href=\"\/zimmer-blue-landing\"    class=\"wp-block-tiptip-hyperlink-group-block\" >\n<div class=\"wp-block-group info-col-content-wrapper\"><div class=\"wp-block-group__inner-container is-layout-constrained wp-block-group-is-layout-constrained\">\n<figure class=\"wp-block-image size-full\"><img loading=\"lazy\" decoding=\"async\" width=\"545\" height=\"350\" src=\"\/wp-content\/uploads\/blue-landing-545-350.jpg\" alt=\"\" class=\"wp-image-1320\" srcset=\"https:\/\/www.hotel-lechnerhof.de\/wp-content\/uploads\/blue-landing-545-350.jpg 545w, https:\/\/www.hotel-lechnerhof.de\/wp-content\/uploads\/blue-landing-545-350-300x193.jpg 300w\" sizes=\"auto, (max-width: 545px) 100vw, 545px\" \/><\/figure>\n\n\n\n<h3 class=\"wp-block-heading has-text-align-center\">Blue Landing<\/h3>\n\n\n\n<p>Kommen Sie zur Ruhe in unseren eleganten Zimmern auf der ersten Etage. Auf ca. 25m\u00b2 bieten Ihnen die lichtdurchfluteten Zimmer eine angenehme Atmosph\u00e4re.<\/p>\n<\/div><\/div>\n\n\n<p class=\"has-text-align-right material-symbols-outlined g-icon\"><span href=\"\/zimmer-blue-landing\/\" data-type=\"page\" data-id=\"941\">east<\/span><\/p>\n\n<\/a><\/div>\n<\/div>\n\n\n\n<div class=\"wp-block-columns is-layout-flex wp-container-core-columns-is-layout-9d6595d7 wp-block-columns-is-layout-flex\">\n<div class=\"wp-block-column room-group-col block-bounce is-layout-flow wp-block-column-is-layout-flow\"><a href=\"\/zimmer-economy\"    class=\"wp-block-tiptip-hyperlink-group-block\" >\n<div class=\"wp-block-group info-col-content-wrapper\"><div class=\"wp-block-group__inner-container is-layout-constrained wp-block-group-is-layout-constrained\">\n<figure class=\"wp-block-image size-full\"><img loading=\"lazy\" decoding=\"async\" width=\"545\" height=\"350\" src=\"\/wp-content\/uploads\/economy-545-350.jpg\" alt=\"\" class=\"wp-image-1321\" srcset=\"https:\/\/www.hotel-lechnerhof.de\/wp-content\/uploads\/economy-545-350.jpg 545w, https:\/\/www.hotel-lechnerhof.de\/wp-content\/uploads\/economy-545-350-300x193.jpg 300w\" sizes=\"auto, (max-width: 545px) 100vw, 545px\" \/><\/figure>\n\n\n\n<h3 class=\"wp-block-heading has-text-align-center\">Economy<\/h3>\n\n\n\n<p>Helle Zimmer f\u00fcr eine entspannte Atmosph\u00e4re, mit Holzfu\u00dfboden, bieten Ihnen unsere Economy Zimmer in der Depandance.<\/p>\n<\/div><\/div>\n\n\n<p class=\"has-text-align-right material-symbols-outlined g-icon\"><span href=\"\/zimmer-economy\/\" data-type=\"page\" data-id=\"937\">east<\/span><\/p>\n\n<\/a><\/div>\n\n\n\n<div class=\"wp-block-column room-group-col block-bounce is-layout-flow wp-block-column-is-layout-flow\"><a href=\"\/familien-suiten\"    class=\"wp-block-tiptip-hyperlink-group-block\" >\n<div class=\"wp-block-group info-col-content-wrapper\"><div class=\"wp-block-group__inner-container is-layout-constrained wp-block-group-is-layout-constrained\">\n<figure class=\"wp-block-image size-full\"><img loading=\"lazy\" decoding=\"async\" width=\"545\" height=\"350\" src=\"\/wp-content\/uploads\/familie-545-350.jpg\" alt=\"\" class=\"wp-image-1323\" srcset=\"https:\/\/www.hotel-lechnerhof.de\/wp-content\/uploads\/familie-545-350.jpg 545w, https:\/\/www.hotel-lechnerhof.de\/wp-content\/uploads\/familie-545-350-300x193.jpg 300w\" sizes=\"auto, (max-width: 545px) 100vw, 545px\" \/><\/figure>\n\n\n\n<h3 class=\"wp-block-heading has-text-align-center\">Familiensuite<\/h3>\n\n\n\n<p>Gro\u00dfz\u00fcgige und familiengerecht ausgestattete Zimmer stehen Ihnen hier f\u00fcr bis zu 5 Personen zur Verf\u00fcgung.<\/p>\n<\/div><\/div>\n\n\n<p class=\"has-text-align-right material-symbols-outlined g-icon\"><span href=\"\/zimmer-economy\/\" data-type=\"page\" data-id=\"937\">east<\/span><\/p>\n\n<\/a><\/div>\n\n\n\n<div class=\"wp-block-column room-group-col block-bounce is-layout-flow wp-block-column-is-layout-flow\"><a href=\"\/studios\"    class=\"wp-block-tiptip-hyperlink-group-block\" >\n<div class=\"wp-block-group info-col-content-wrapper\"><div class=\"wp-block-group__inner-container is-layout-constrained wp-block-group-is-layout-constrained\">\n<figure class=\"wp-block-image size-full\"><img loading=\"lazy\" decoding=\"async\" width=\"545\" height=\"350\" src=\"\/wp-content\/uploads\/studio-545-350.jpg\" alt=\"\" class=\"wp-image-1324\" srcset=\"https:\/\/www.hotel-lechnerhof.de\/wp-content\/uploads\/studio-545-350.jpg 545w, https:\/\/www.hotel-lechnerhof.de\/wp-content\/uploads\/studio-545-350-300x193.jpg 300w\" sizes=\"auto, (max-width: 545px) 100vw, 545px\" \/><\/figure>\n\n\n\n<h3 class=\"wp-block-heading has-text-align-center\">Studio<\/h3>\n\n\n\n<p>Modern eingerichtete Studios f\u00fcr 1-2 Personen stehen hier zur Verf\u00fcgung. Durch ihre Gr\u00f6\u00dfe &amp; Ausstattung eignen sich die Studios auch optimal f\u00fcr l\u00e4ngere Aufenthalte.<\/p>\n<\/div><\/div>\n\n\n<p class=\"has-text-align-right material-symbols-outlined g-icon\"><span href=\"\/zimmer-economy\/\" data-type=\"page\" data-id=\"937\">east<\/span><\/p>\n\n<\/a><\/div>\n<\/div>\n\n\n\n<div style=\"height:33px\" aria-hidden=\"true\" class=\"wp-block-spacer\"><\/div>\n\n\n\n<div style=\"height:35px\" aria-hidden=\"true\" class=\"wp-block-spacer\"><\/div>\n<\/div><\/div>\n","protected":false},"excerpt":{"rendered":"<p>Genie\u00dfen und Entspannen im Hotel Lechnerhof Lorem ipsum dolor sit amet, consetetur sadipscing elitr, sed diam nonumy eirmod tempor invidunt ut labore et dolore magna aliquyam erat, sed diam voluptua. Fr\u00fchst\u00fcck Lorem ipsum dolor sit amet, consetetur sadipscing elitr, sed diam nonumy eirmod tempor invidunt ut labore et dolore magna aliquyam erat east Hotelbar Lorem [&#8230;]<\/p>\n<p><a class=\"btn btn-secondary understrap-read-more-link\" href=\"https:\/\/www.hotel-lechnerhof.de\/en\/tagungen-seminare-2\/\">Read More&#8230;<span class=\"screen-reader-text\"> from Essen &#038; Trinken<\/span><\/a><\/p>\n","protected":false},"author":1,"featured_media":0,"parent":0,"menu_order":0,"comment_status":"closed","ping_status":"closed","template":"page-templates\/fullwidthpage-no-header.php","meta":{"footnotes":""},"categories":[10],"tags":[],"class_list":["post-248","page","type-page","status-publish","hentry","category-rubrik-essen-trinken"],"translation":{"provider":"WPGlobus","version":"3.0.2","language":"en","enabled_languages":["de","en"],"languages":{"de":{"title":true,"content":true,"excerpt":false},"en":{"title":false,"content":false,"excerpt":false}}},"yoast_head":"<!-- This site is optimized with the Yoast SEO plugin v27.5 - https:\/\/yoast.com\/product\/yoast-seo-wordpress\/ -->\n<title>Essen &amp; Trinken - Hotel Lechnerhof<\/title>\n<meta name=\"robots\" content=\"index, follow, max-snippet:-1, max-image-preview:large, max-video-preview:-1\" \/>\n<link rel=\"canonical\" href=\"https:\/\/www.hotel-lechnerhof.de\/tagungen-seminare-2\/\" \/>\n<meta property=\"og:locale\" content=\"en_US\" \/>\n<meta property=\"og:type\" content=\"article\" \/>\n<meta property=\"og:title\" content=\"Essen &amp; Trinken - Hotel Lechnerhof\" \/>\n<meta property=\"og:url\" content=\"https:\/\/www.hotel-lechnerhof.de\/tagungen-seminare-2\/\" \/>\n<meta property=\"og:site_name\" content=\"Hotel Lechnerhof\" \/>\n<meta property=\"article:modified_time\" content=\"2022-05-12T06:48:27+00:00\" \/>\n<meta property=\"og:image\" content=\"https:\/\/lechnerhof.devel-web.de\/wp-content\/uploads\/2022\/05\/fruhstuck-545x350-1.jpg\" \/>\n<meta name=\"twitter:card\" content=\"summary_large_image\" \/>\n<meta name=\"twitter:label1\" content=\"Est. reading time\" \/>\n\t<meta name=\"twitter:data1\" content=\"2 minutes\" \/>\n<script type=\"application\/ld+json\" class=\"yoast-schema-graph\">{\"@context\":\"https:\\\/\\\/schema.org\",\"@graph\":[{\"@type\":\"WebPage\",\"@id\":\"https:\\\/\\\/www.hotel-lechnerhof.de\\\/tagungen-seminare-2\\\/\",\"url\":\"https:\\\/\\\/www.hotel-lechnerhof.de\\\/tagungen-seminare-2\\\/\",\"name\":\"Essen & Trinken - Hotel Lechnerhof\",\"isPartOf\":{\"@id\":\"https:\\\/\\\/www.hotel-lechnerhof.de\\\/en\\\/#website\"},\"primaryImageOfPage\":{\"@id\":\"https:\\\/\\\/www.hotel-lechnerhof.de\\\/tagungen-seminare-2\\\/#primaryimage\"},\"image\":{\"@id\":\"https:\\\/\\\/www.hotel-lechnerhof.de\\\/tagungen-seminare-2\\\/#primaryimage\"},\"thumbnailUrl\":\"https:\\\/\\\/lechnerhof.devel-web.de\\\/wp-content\\\/uploads\\\/2022\\\/05\\\/fruhstuck-545x350-1.jpg\",\"datePublished\":\"2022-05-05T16:33:06+00:00\",\"dateModified\":\"2022-05-12T06:48:27+00:00\",\"breadcrumb\":{\"@id\":\"https:\\\/\\\/www.hotel-lechnerhof.de\\\/tagungen-seminare-2\\\/#breadcrumb\"},\"inLanguage\":\"en-US\",\"potentialAction\":[{\"@type\":\"ReadAction\",\"target\":[\"https:\\\/\\\/www.hotel-lechnerhof.de\\\/tagungen-seminare-2\\\/\"]}]},{\"@type\":\"ImageObject\",\"inLanguage\":\"en-US\",\"@id\":\"https:\\\/\\\/www.hotel-lechnerhof.de\\\/tagungen-seminare-2\\\/#primaryimage\",\"url\":\"https:\\\/\\\/lechnerhof.devel-web.de\\\/wp-content\\\/uploads\\\/2022\\\/05\\\/fruhstuck-545x350-1.jpg\",\"contentUrl\":\"https:\\\/\\\/lechnerhof.devel-web.de\\\/wp-content\\\/uploads\\\/2022\\\/05\\\/fruhstuck-545x350-1.jpg\"},{\"@type\":\"BreadcrumbList\",\"@id\":\"https:\\\/\\\/www.hotel-lechnerhof.de\\\/tagungen-seminare-2\\\/#breadcrumb\",\"itemListElement\":[{\"@type\":\"ListItem\",\"position\":1,\"name\":\"Startseite\",\"item\":\"https:\\\/\\\/www.hotel-lechnerhof.de\\\/en\\\/\"},{\"@type\":\"ListItem\",\"position\":2,\"name\":\"Essen &#038; Trinken\"}]},{\"@type\":\"WebSite\",\"@id\":\"https:\\\/\\\/www.hotel-lechnerhof.de\\\/en\\\/#website\",\"url\":\"https:\\\/\\\/www.hotel-lechnerhof.de\\\/en\\\/\",\"name\":\"Hotel Lechnerhof\",\"description\":\"Eine weitere WordPress-Website\",\"publisher\":{\"@id\":\"https:\\\/\\\/www.hotel-lechnerhof.de\\\/en\\\/#organization\"},\"potentialAction\":[{\"@type\":\"SearchAction\",\"target\":{\"@type\":\"EntryPoint\",\"urlTemplate\":\"https:\\\/\\\/www.hotel-lechnerhof.de\\\/en\\\/?s={search_term_string}\"},\"query-input\":{\"@type\":\"PropertyValueSpecification\",\"valueRequired\":true,\"valueName\":\"search_term_string\"}}],\"inLanguage\":\"en-US\"},{\"@type\":\"Organization\",\"@id\":\"https:\\\/\\\/www.hotel-lechnerhof.de\\\/en\\\/#organization\",\"name\":\"Hotel Lechnerhof\",\"url\":\"https:\\\/\\\/www.hotel-lechnerhof.de\\\/en\\\/\",\"logo\":{\"@type\":\"ImageObject\",\"inLanguage\":\"en-US\",\"@id\":\"https:\\\/\\\/www.hotel-lechnerhof.de\\\/en\\\/#\\\/schema\\\/logo\\\/image\\\/\",\"url\":\"https:\\\/\\\/www.hotel-lechnerhof.de\\\/wp-content\\\/uploads\\\/2022\\\/05\\\/cropped-favicon-75.png\",\"contentUrl\":\"https:\\\/\\\/www.hotel-lechnerhof.de\\\/wp-content\\\/uploads\\\/2022\\\/05\\\/cropped-favicon-75.png\",\"width\":75,\"height\":75,\"caption\":\"Hotel Lechnerhof\"},\"image\":{\"@id\":\"https:\\\/\\\/www.hotel-lechnerhof.de\\\/en\\\/#\\\/schema\\\/logo\\\/image\\\/\"}}]}<\/script>\n<!-- \/ Yoast SEO plugin. -->","yoast_head_json":{"title":"Essen & Trinken - Hotel Lechnerhof","robots":{"index":"index","follow":"follow","max-snippet":"max-snippet:-1","max-image-preview":"max-image-preview:large","max-video-preview":"max-video-preview:-1"},"canonical":"https:\/\/www.hotel-lechnerhof.de\/tagungen-seminare-2\/","og_locale":"en_US","og_type":"article","og_title":"Essen & Trinken - Hotel Lechnerhof","og_url":"https:\/\/www.hotel-lechnerhof.de\/tagungen-seminare-2\/","og_site_name":"Hotel Lechnerhof","article_modified_time":"2022-05-12T06:48:27+00:00","og_image":[{"url":"https:\/\/lechnerhof.devel-web.de\/wp-content\/uploads\/2022\/05\/fruhstuck-545x350-1.jpg","type":"","width":"","height":""}],"twitter_card":"summary_large_image","twitter_misc":{"Est. reading time":"2 minutes"},"schema":{"@context":"https:\/\/schema.org","@graph":[{"@type":"WebPage","@id":"https:\/\/www.hotel-lechnerhof.de\/tagungen-seminare-2\/","url":"https:\/\/www.hotel-lechnerhof.de\/tagungen-seminare-2\/","name":"Essen & Trinken - Hotel Lechnerhof","isPartOf":{"@id":"https:\/\/www.hotel-lechnerhof.de\/en\/#website"},"primaryImageOfPage":{"@id":"https:\/\/www.hotel-lechnerhof.de\/tagungen-seminare-2\/#primaryimage"},"image":{"@id":"https:\/\/www.hotel-lechnerhof.de\/tagungen-seminare-2\/#primaryimage"},"thumbnailUrl":"https:\/\/lechnerhof.devel-web.de\/wp-content\/uploads\/2022\/05\/fruhstuck-545x350-1.jpg","datePublished":"2022-05-05T16:33:06+00:00","dateModified":"2022-05-12T06:48:27+00:00","breadcrumb":{"@id":"https:\/\/www.hotel-lechnerhof.de\/tagungen-seminare-2\/#breadcrumb"},"inLanguage":"en-US","potentialAction":[{"@type":"ReadAction","target":["https:\/\/www.hotel-lechnerhof.de\/tagungen-seminare-2\/"]}]},{"@type":"ImageObject","inLanguage":"en-US","@id":"https:\/\/www.hotel-lechnerhof.de\/tagungen-seminare-2\/#primaryimage","url":"https:\/\/lechnerhof.devel-web.de\/wp-content\/uploads\/2022\/05\/fruhstuck-545x350-1.jpg","contentUrl":"https:\/\/lechnerhof.devel-web.de\/wp-content\/uploads\/2022\/05\/fruhstuck-545x350-1.jpg"},{"@type":"BreadcrumbList","@id":"https:\/\/www.hotel-lechnerhof.de\/tagungen-seminare-2\/#breadcrumb","itemListElement":[{"@type":"ListItem","position":1,"name":"Startseite","item":"https:\/\/www.hotel-lechnerhof.de\/en\/"},{"@type":"ListItem","position":2,"name":"Essen &#038; Trinken"}]},{"@type":"WebSite","@id":"https:\/\/www.hotel-lechnerhof.de\/en\/#website","url":"https:\/\/www.hotel-lechnerhof.de\/en\/","name":"Hotel Lechnerhof","description":"Eine weitere WordPress-Website","publisher":{"@id":"https:\/\/www.hotel-lechnerhof.de\/en\/#organization"},"potentialAction":[{"@type":"SearchAction","target":{"@type":"EntryPoint","urlTemplate":"https:\/\/www.hotel-lechnerhof.de\/en\/?s={search_term_string}"},"query-input":{"@type":"PropertyValueSpecification","valueRequired":true,"valueName":"search_term_string"}}],"inLanguage":"en-US"},{"@type":"Organization","@id":"https:\/\/www.hotel-lechnerhof.de\/en\/#organization","name":"Hotel Lechnerhof","url":"https:\/\/www.hotel-lechnerhof.de\/en\/","logo":{"@type":"ImageObject","inLanguage":"en-US","@id":"https:\/\/www.hotel-lechnerhof.de\/en\/#\/schema\/logo\/image\/","url":"https:\/\/www.hotel-lechnerhof.de\/wp-content\/uploads\/2022\/05\/cropped-favicon-75.png","contentUrl":"https:\/\/www.hotel-lechnerhof.de\/wp-content\/uploads\/2022\/05\/cropped-favicon-75.png","width":75,"height":75,"caption":"Hotel Lechnerhof"},"image":{"@id":"https:\/\/www.hotel-lechnerhof.de\/en\/#\/schema\/logo\/image\/"}}]}},"_links":{"self":[{"href":"https:\/\/www.hotel-lechnerhof.de\/en\/wp-json\/wp\/v2\/pages\/248","targetHints":{"allow":["GET"]}}],"collection":[{"href":"https:\/\/www.hotel-lechnerhof.de\/en\/wp-json\/wp\/v2\/pages"}],"about":[{"href":"https:\/\/www.hotel-lechnerhof.de\/en\/wp-json\/wp\/v2\/types\/page"}],"author":[{"embeddable":true,"href":"https:\/\/www.hotel-lechnerhof.de\/en\/wp-json\/wp\/v2\/users\/1"}],"replies":[{"embeddable":true,"href":"https:\/\/www.hotel-lechnerhof.de\/en\/wp-json\/wp\/v2\/comments?post=248"}],"version-history":[{"count":10,"href":"https:\/\/www.hotel-lechnerhof.de\/en\/wp-json\/wp\/v2\/pages\/248\/revisions"}],"predecessor-version":[{"id":673,"href":"https:\/\/www.hotel-lechnerhof.de\/en\/wp-json\/wp\/v2\/pages\/248\/revisions\/673"}],"wp:attachment":[{"href":"https:\/\/www.hotel-lechnerhof.de\/en\/wp-json\/wp\/v2\/media?parent=248"}],"wp:term":[{"taxonomy":"category","embeddable":true,"href":"https:\/\/www.hotel-lechnerhof.de\/en\/wp-json\/wp\/v2\/categories?post=248"},{"taxonomy":"post_tag","embeddable":true,"href":"https:\/\/www.hotel-lechnerhof.de\/en\/wp-json\/wp\/v2\/tags?post=248"}],"curies":[{"name":"wp","href":"https:\/\/api.w.org\/{rel}","templated":true}]}}