{"id":11,"date":"2022-04-08T09:48:34","date_gmt":"2022-04-08T07:48:34","guid":{"rendered":"https:\/\/lechnerhof.devel-web.de\/?page_id=11"},"modified":"2024-02-22T10:58:28","modified_gmt":"2024-02-22T09:58:28","slug":"karriere","status":"publish","type":"page","link":"https:\/\/www.hotel-lechnerhof.de\/en\/karriere\/","title":{"rendered":"Team &#038; Karriere"},"content":{"rendered":"\n<p>Individualit\u00e4t wird bei uns gro\u00df geschrieben. Was uns alle verbindet, ist die Leidenschaft mit der wir unseren Beruf aus\u00fcben.<\/p>\n\n\n\n<p>Wenn auch dein Herz f\u00fcr die Hotellerie schl\u00e4gt und du keinen langweiligen Schreibtischjob suchst, freuen wir uns auf deine Bewerbung.<\/p>\n\n\n\n<p>F\u00fcr folgende Abteilungen sind wir aktuell auf der Suche nach Unterst\u00fctzung:<\/p>\n\n\n\n<p>Nichts Passendes gefunden? <br>Gerne kannst du uns auch einen Initiativbewerbung per Email an: <a href=\"mailto:direktion@hotel-lechnerhof.de\">direktion@hotel-lechnerhof.de<\/a> oder <a href=\"mailto:info@hotel-lechnerhof.de\">info@hotel-lechnerhof.de<\/a><br>Falls du vorab noch Informationen ben\u00f6tigst, freuen wir uns auf deinen Anruf!<br><br>Ansprechpartner: Traudel Lechner oder Christoph Melardi 089 958 280<\/p>\n","protected":false},"excerpt":{"rendered":"<p>Individualit\u00e4t wird bei uns gro\u00df geschrieben. Was uns alle verbindet, ist die Leidenschaft mit der wir unseren Beruf aus\u00fcben. Wenn auch dein Herz f\u00fcr die Hotellerie schl\u00e4gt und du keinen langweiligen Schreibtischjob suchst, freuen wir uns auf deine Bewerbung. F\u00fcr folgende Abteilungen sind wir aktuell auf der Suche nach Unterst\u00fctzung: Nichts Passendes gefunden? Gerne kannst [&#8230;]<\/p>\n<p><a class=\"btn btn-secondary understrap-read-more-link\" href=\"https:\/\/www.hotel-lechnerhof.de\/en\/karriere\/\">Read More&#8230;<span class=\"screen-reader-text\"> from Team &#038; Karriere<\/span><\/a><\/p>\n","protected":false},"author":1,"featured_media":0,"parent":0,"menu_order":0,"comment_status":"closed","ping_status":"closed","template":"","meta":{"footnotes":""},"categories":[],"tags":[],"class_list":["post-11","page","type-page","status-publish","hentry"],"translation":{"provider":"WPGlobus","version":"3.0.2","language":"en","enabled_languages":["de","en"],"languages":{"de":{"title":true,"content":true,"excerpt":false},"en":{"title":false,"content":false,"excerpt":false}}},"yoast_head":"<!-- This site is optimized with the Yoast SEO plugin v27.5 - https:\/\/yoast.com\/product\/yoast-seo-wordpress\/ -->\n<title>Team &amp; Karriere - Hotel Lechnerhof<\/title>\n<meta name=\"robots\" content=\"index, follow, max-snippet:-1, max-image-preview:large, max-video-preview:-1\" \/>\n<link rel=\"canonical\" href=\"https:\/\/www.hotel-lechnerhof.de\/karriere\/\" \/>\n<meta property=\"og:locale\" content=\"en_US\" \/>\n<meta property=\"og:type\" content=\"article\" \/>\n<meta property=\"og:title\" content=\"Team &amp; Karriere - Hotel Lechnerhof\" \/>\n<meta property=\"og:url\" content=\"https:\/\/www.hotel-lechnerhof.de\/karriere\/\" \/>\n<meta property=\"og:site_name\" content=\"Hotel Lechnerhof\" \/>\n<meta property=\"article:modified_time\" content=\"2024-02-22T09:58:28+00:00\" \/>\n<meta name=\"twitter:card\" content=\"summary_large_image\" \/>\n<meta name=\"twitter:label1\" content=\"Est. reading time\" \/>\n\t<meta name=\"twitter:data1\" content=\"1 minute\" \/>\n<script type=\"application\/ld+json\" class=\"yoast-schema-graph\">{\"@context\":\"https:\\\/\\\/schema.org\",\"@graph\":[{\"@type\":\"WebPage\",\"@id\":\"https:\\\/\\\/www.hotel-lechnerhof.de\\\/karriere\\\/\",\"url\":\"https:\\\/\\\/www.hotel-lechnerhof.de\\\/karriere\\\/\",\"name\":\"Team & Karriere - Hotel Lechnerhof\",\"isPartOf\":{\"@id\":\"https:\\\/\\\/www.hotel-lechnerhof.de\\\/en\\\/#website\"},\"datePublished\":\"2022-04-08T07:48:34+00:00\",\"dateModified\":\"2024-02-22T09:58:28+00:00\",\"breadcrumb\":{\"@id\":\"https:\\\/\\\/www.hotel-lechnerhof.de\\\/karriere\\\/#breadcrumb\"},\"inLanguage\":\"en-US\",\"potentialAction\":[{\"@type\":\"ReadAction\",\"target\":[\"https:\\\/\\\/www.hotel-lechnerhof.de\\\/karriere\\\/\"]}]},{\"@type\":\"BreadcrumbList\",\"@id\":\"https:\\\/\\\/www.hotel-lechnerhof.de\\\/karriere\\\/#breadcrumb\",\"itemListElement\":[{\"@type\":\"ListItem\",\"position\":1,\"name\":\"Startseite\",\"item\":\"https:\\\/\\\/www.hotel-lechnerhof.de\\\/en\\\/\"},{\"@type\":\"ListItem\",\"position\":2,\"name\":\"Team &#038; Karriere\"}]},{\"@type\":\"WebSite\",\"@id\":\"https:\\\/\\\/www.hotel-lechnerhof.de\\\/en\\\/#website\",\"url\":\"https:\\\/\\\/www.hotel-lechnerhof.de\\\/en\\\/\",\"name\":\"Hotel Lechnerhof\",\"description\":\"Eine weitere WordPress-Website\",\"publisher\":{\"@id\":\"https:\\\/\\\/www.hotel-lechnerhof.de\\\/en\\\/#organization\"},\"potentialAction\":[{\"@type\":\"SearchAction\",\"target\":{\"@type\":\"EntryPoint\",\"urlTemplate\":\"https:\\\/\\\/www.hotel-lechnerhof.de\\\/en\\\/?s={search_term_string}\"},\"query-input\":{\"@type\":\"PropertyValueSpecification\",\"valueRequired\":true,\"valueName\":\"search_term_string\"}}],\"inLanguage\":\"en-US\"},{\"@type\":\"Organization\",\"@id\":\"https:\\\/\\\/www.hotel-lechnerhof.de\\\/en\\\/#organization\",\"name\":\"Hotel Lechnerhof\",\"url\":\"https:\\\/\\\/www.hotel-lechnerhof.de\\\/en\\\/\",\"logo\":{\"@type\":\"ImageObject\",\"inLanguage\":\"en-US\",\"@id\":\"https:\\\/\\\/www.hotel-lechnerhof.de\\\/en\\\/#\\\/schema\\\/logo\\\/image\\\/\",\"url\":\"https:\\\/\\\/www.hotel-lechnerhof.de\\\/wp-content\\\/uploads\\\/2022\\\/05\\\/cropped-favicon-75.png\",\"contentUrl\":\"https:\\\/\\\/www.hotel-lechnerhof.de\\\/wp-content\\\/uploads\\\/2022\\\/05\\\/cropped-favicon-75.png\",\"width\":75,\"height\":75,\"caption\":\"Hotel Lechnerhof\"},\"image\":{\"@id\":\"https:\\\/\\\/www.hotel-lechnerhof.de\\\/en\\\/#\\\/schema\\\/logo\\\/image\\\/\"}}]}<\/script>\n<!-- \/ Yoast SEO plugin. -->","yoast_head_json":{"title":"Team & Karriere - Hotel Lechnerhof","robots":{"index":"index","follow":"follow","max-snippet":"max-snippet:-1","max-image-preview":"max-image-preview:large","max-video-preview":"max-video-preview:-1"},"canonical":"https:\/\/www.hotel-lechnerhof.de\/karriere\/","og_locale":"en_US","og_type":"article","og_title":"Team & Karriere - Hotel Lechnerhof","og_url":"https:\/\/www.hotel-lechnerhof.de\/karriere\/","og_site_name":"Hotel Lechnerhof","article_modified_time":"2024-02-22T09:58:28+00:00","twitter_card":"summary_large_image","twitter_misc":{"Est. reading time":"1 minute"},"schema":{"@context":"https:\/\/schema.org","@graph":[{"@type":"WebPage","@id":"https:\/\/www.hotel-lechnerhof.de\/karriere\/","url":"https:\/\/www.hotel-lechnerhof.de\/karriere\/","name":"Team & Karriere - Hotel Lechnerhof","isPartOf":{"@id":"https:\/\/www.hotel-lechnerhof.de\/en\/#website"},"datePublished":"2022-04-08T07:48:34+00:00","dateModified":"2024-02-22T09:58:28+00:00","breadcrumb":{"@id":"https:\/\/www.hotel-lechnerhof.de\/karriere\/#breadcrumb"},"inLanguage":"en-US","potentialAction":[{"@type":"ReadAction","target":["https:\/\/www.hotel-lechnerhof.de\/karriere\/"]}]},{"@type":"BreadcrumbList","@id":"https:\/\/www.hotel-lechnerhof.de\/karriere\/#breadcrumb","itemListElement":[{"@type":"ListItem","position":1,"name":"Startseite","item":"https:\/\/www.hotel-lechnerhof.de\/en\/"},{"@type":"ListItem","position":2,"name":"Team &#038; Karriere"}]},{"@type":"WebSite","@id":"https:\/\/www.hotel-lechnerhof.de\/en\/#website","url":"https:\/\/www.hotel-lechnerhof.de\/en\/","name":"Hotel Lechnerhof","description":"Eine weitere WordPress-Website","publisher":{"@id":"https:\/\/www.hotel-lechnerhof.de\/en\/#organization"},"potentialAction":[{"@type":"SearchAction","target":{"@type":"EntryPoint","urlTemplate":"https:\/\/www.hotel-lechnerhof.de\/en\/?s={search_term_string}"},"query-input":{"@type":"PropertyValueSpecification","valueRequired":true,"valueName":"search_term_string"}}],"inLanguage":"en-US"},{"@type":"Organization","@id":"https:\/\/www.hotel-lechnerhof.de\/en\/#organization","name":"Hotel Lechnerhof","url":"https:\/\/www.hotel-lechnerhof.de\/en\/","logo":{"@type":"ImageObject","inLanguage":"en-US","@id":"https:\/\/www.hotel-lechnerhof.de\/en\/#\/schema\/logo\/image\/","url":"https:\/\/www.hotel-lechnerhof.de\/wp-content\/uploads\/2022\/05\/cropped-favicon-75.png","contentUrl":"https:\/\/www.hotel-lechnerhof.de\/wp-content\/uploads\/2022\/05\/cropped-favicon-75.png","width":75,"height":75,"caption":"Hotel Lechnerhof"},"image":{"@id":"https:\/\/www.hotel-lechnerhof.de\/en\/#\/schema\/logo\/image\/"}}]}},"_links":{"self":[{"href":"https:\/\/www.hotel-lechnerhof.de\/en\/wp-json\/wp\/v2\/pages\/11","targetHints":{"allow":["GET"]}}],"collection":[{"href":"https:\/\/www.hotel-lechnerhof.de\/en\/wp-json\/wp\/v2\/pages"}],"about":[{"href":"https:\/\/www.hotel-lechnerhof.de\/en\/wp-json\/wp\/v2\/types\/page"}],"author":[{"embeddable":true,"href":"https:\/\/www.hotel-lechnerhof.de\/en\/wp-json\/wp\/v2\/users\/1"}],"replies":[{"embeddable":true,"href":"https:\/\/www.hotel-lechnerhof.de\/en\/wp-json\/wp\/v2\/comments?post=11"}],"version-history":[{"count":3,"href":"https:\/\/www.hotel-lechnerhof.de\/en\/wp-json\/wp\/v2\/pages\/11\/revisions"}],"predecessor-version":[{"id":2174,"href":"https:\/\/www.hotel-lechnerhof.de\/en\/wp-json\/wp\/v2\/pages\/11\/revisions\/2174"}],"wp:attachment":[{"href":"https:\/\/www.hotel-lechnerhof.de\/en\/wp-json\/wp\/v2\/media?parent=11"}],"wp:term":[{"taxonomy":"category","embeddable":true,"href":"https:\/\/www.hotel-lechnerhof.de\/en\/wp-json\/wp\/v2\/categories?post=11"},{"taxonomy":"post_tag","embeddable":true,"href":"https:\/\/www.hotel-lechnerhof.de\/en\/wp-json\/wp\/v2\/tags?post=11"}],"curies":[{"name":"wp","href":"https:\/\/api.w.org\/{rel}","templated":true}]}}